{"id":544,"date":"2024-08-07T12:54:23","date_gmt":"2024-08-07T12:54:23","guid":{"rendered":"https:\/\/wpriverthemes.com\/gymfito\/?page_id=544"},"modified":"2024-10-23T07:21:49","modified_gmt":"2024-10-23T07:21:49","slug":"hakkimizda","status":"publish","type":"page","link":"https:\/\/kronospor.com\/index.php\/hakkimizda\/","title":{"rendered":"Hakk\u0131m\u0131zda"},"content":{"rendered":"\t\t<div data-elementor-type=\"wp-page\" data-elementor-id=\"544\" class=\"elementor elementor-544\">\n\t\t\t\t<div class=\"elementor-element elementor-element-4fce3cc e-con-full e-flex e-con e-parent\" data-id=\"4fce3cc\" data-element_type=\"container\" data-e-type=\"container\">\n\t\t\t\t<div class=\"elementor-element elementor-element-1a194ae elementor-widget elementor-widget-about\" data-id=\"1a194ae\" data-element_type=\"widget\" data-e-type=\"widget\" data-widget_type=\"about.default\">\n\t\t\t\t<div class=\"elementor-widget-container\">\n\t\t\t\t\t    <!-- Start About -->\r\n    <div class=\"ak-height-135 ak-height-lg-80\"><\/div>\r\n    <section class=\"container\">\r\n        <div class=\"about-section\">\r\n            <div class=\"img-content\" data-aos=\"fade-right\">\r\n                <div class=\"img-content-one image-hover-animation\">\r\n                    <img decoding=\"async\" src=\"https:\/\/kronospor.com\/wp-content\/uploads\/2024\/10\/JPOV0487-scaled-1.jpg\" class=\"about_1\" alt=\"...\">\r\n                <\/div>\r\n                <div class=\"img-content-two\">\r\n                    <img decoding=\"async\" src=\"https:\/\/kronospor.com\/wp-content\/uploads\/2024\/08\/history-content-arrow.svg\" class=\"circle\" alt=\"...\">\r\n                    <div class=\"img-content-about_2 image-hover-animation\">\r\n                        <img decoding=\"async\" src=\"https:\/\/kronospor.com\/wp-content\/uploads\/2024\/10\/Foto-52-e1729002213412.jpg\" class=\"about_2\" alt=\"...\">\r\n                    <\/div>\r\n                <\/div>\r\n            <\/div>\r\n            <div class=\"info-content\" data-aos=\"fade-left\">\r\n                <div class=\"section-heading style-1\">\r\n                    <div class=\"section-subtitle\">Hakk\u0131m\u0131zda<\/div>\r\n                    <h2 class=\"section-title\">\r\n                        S\u0131rad\u0131\u015f\u0131 bir ekip!                    <\/h2>\r\n                    <div class=\"stroke-text\" data-text=\"\">\r\n                                            <\/div>\r\n                    <p class=\"section-short-desp mt-2\">\r\n                        Y\u00fcksek kaliteli spor&amp;fitness \u00fcr\u00fcn yelpazemiz ile ba\u015fta oteller olmak \u00fczere, fitness ve spor kul\u00fcpleri, rehabilitasyon merkezleri, fizik tedavi klinikleri, sporcu sa\u011fl\u0131\u011f\u0131 merkezleri ve kurumsal \u015firketler de dahil olmak \u00fczere pek \u00e7ok kuruma hizmet verdi\u011fimiz gibi bireysel kullan\u0131c\u0131lar\u0131n ihtiya\u00e7lar\u0131na g\u00f6re de \u00e7\u00f6z\u00fcmler sunmaktay\u0131z.\n                    <\/p>\r\n                <\/div>\r\n                <!-- Start Faq -->\r\n                <div class=\"ak-height-40 ak-height-lg-40\"><\/div>\r\n                <div class=\"ak-accordion\">\r\n                                            <div class=\"ak-accordion-item\">\r\n                            <div class=\"ak-accordion-title\">\r\n                                <h5><span>01.<\/span>V\u0130ZYON<\/h5>\r\n                            <\/div>\r\n                            <div class=\"ak-accordion-tab\">\r\n                                B\u00fcnyemizdeki kaliteli, yenilik\u00e7i, lider markalar ile uluslararas\u0131 operasyonlar\u0131m\u0131z\u0131 geni\u015fletmek ve d\u00fcnya \u00e7ap\u0131nda fark yaratan ba\u015far\u0131lara imza atmak.                            <\/div>\r\n                        <\/div>\r\n                                            <div class=\"ak-accordion-item\">\r\n                            <div class=\"ak-accordion-title\">\r\n                                <h5><span>02.<\/span>M\u0130SYON<\/h5>\r\n                            <\/div>\r\n                            <div class=\"ak-accordion-tab\">\r\n                                E\u011flenceli egzersizler sayesinde m\u00fc\u015fterilerimizin sa\u011fl\u0131kl\u0131 kalmalar\u0131na katk\u0131da bulunmak.                            <\/div>\r\n                        <\/div>\r\n                                    <\/div>\r\n            <\/div>\r\n            <!-- End Faq -->\r\n        <\/div>\r\n    <\/section>\r\n    <!-- End About -->\r\n    \t\t\t\t<\/div>\n\t\t\t\t<\/div>\n\t\t\t\t<\/div>\n\t\t<div class=\"elementor-element elementor-element-f6c0bf8 e-con-full e-flex e-con e-parent\" data-id=\"f6c0bf8\" data-element_type=\"container\" data-e-type=\"container\">\n\t\t\t\t<div class=\"elementor-element elementor-element-9394680 elementor-widget elementor-widget-gymfito_history\" data-id=\"9394680\" data-element_type=\"widget\" data-e-type=\"widget\" data-widget_type=\"gymfito_history.default\">\n\t\t\t\t<div class=\"elementor-widget-container\">\n\t\t\t\t\t<!-- Start History -->\r\n        <div class=\"ak-height-135 ak-height-lg-80\"><\/div>\r\n        <section>\r\n            <div class=\"container\">\r\n                <div class=\"section-heading style-1 type-1\" data-aos=\"zoom-out\">\r\n                    <h2 class=\"section-title\">De\u011ferlerimiz<\/h2>\r\n                <\/div>\r\n                <div class=\"ak-height-50 ak-height-lg-40\"><\/div>\r\n                <div class=\"row row-cols-1 gap-4 row-cols-md-2 row-cols-lg-4 justify-content-between\"><div class=\"history-content-card\" data-aos=\"fade-up\" data-aos-duration=\"500\" data-aos-delay=\"0\">\r\n                <img decoding=\"async\" src=\"https:\/\/wpriverthemes.com\/gymfito\/wp-content\/uploads\/2024\/08\/history-content-arrow.svg\" class=\"history-content-img\" alt=\"\">\r\n                <div class=\"history-info-content\">\r\n                    <h3 class=\"history-data\"><\/h3>\r\n                    <h5 class=\"history-title\">M\u00fc\u015fteri Odakl\u0131l\u0131k<\/h5>\r\n                    <p class=\"history-desp\"><\/p>\r\n                <\/div>\r\n            <\/div><div class=\"history-content-card\" data-aos=\"fade-up\" data-aos-duration=\"600\" data-aos-delay=\"100\">\r\n                <img decoding=\"async\" src=\"https:\/\/wpriverthemes.com\/gymfito\/wp-content\/uploads\/2024\/08\/history-content-arrow.svg\" class=\"history-content-img\" alt=\"\">\r\n                <div class=\"history-info-content\">\r\n                    <h3 class=\"history-data\"><\/h3>\r\n                    <h5 class=\"history-title\">G\u00fcven<\/h5>\r\n                    <p class=\"history-desp\"><\/p>\r\n                <\/div>\r\n            <\/div><div class=\"history-content-card\" data-aos=\"fade-up\" data-aos-duration=\"700\" data-aos-delay=\"200\">\r\n                <img decoding=\"async\" src=\"https:\/\/wpriverthemes.com\/gymfito\/wp-content\/uploads\/2024\/08\/history-content-arrow.svg\" class=\"history-content-img\" alt=\"\">\r\n                <div class=\"history-info-content\">\r\n                    <h3 class=\"history-data\"><\/h3>\r\n                    <h5 class=\"history-title\">Kalite<\/h5>\r\n                    <p class=\"history-desp\"><\/p>\r\n                <\/div>\r\n            <\/div><div class=\"history-content-card\" data-aos=\"fade-up\" data-aos-duration=\"800\" data-aos-delay=\"300\">\r\n                <img decoding=\"async\" src=\"https:\/\/wpriverthemes.com\/gymfito\/wp-content\/uploads\/2024\/08\/history-content-arrow.svg\" class=\"history-content-img\" alt=\"\">\r\n                <div class=\"history-info-content\">\r\n                    <h3 class=\"history-data\"><\/h3>\r\n                    <h5 class=\"history-title\">Zaman\u0131nda Teslim<\/h5>\r\n                    <p class=\"history-desp\"><\/p>\r\n                <\/div>\r\n            <\/div><div class=\"history-content-card\" data-aos=\"fade-up\" data-aos-duration=\"900\" data-aos-delay=\"400\">\r\n                <img decoding=\"async\" src=\"https:\/\/wpriverthemes.com\/gymfito\/wp-content\/uploads\/2024\/08\/history-content-arrow.svg\" class=\"history-content-img\" alt=\"\">\r\n                <div class=\"history-info-content\">\r\n                    <h3 class=\"history-data\"><\/h3>\r\n                    <h5 class=\"history-title\">S\u00fcrd\u00fcr\u00fclebilirlik<\/h5>\r\n                    <p class=\"history-desp\"><\/p>\r\n                <\/div>\r\n            <\/div><div class=\"history-content-card\" data-aos=\"fade-up\" data-aos-duration=\"1000\" data-aos-delay=\"500\">\r\n                <img decoding=\"async\" src=\"https:\/\/wpriverthemes.com\/gymfito\/wp-content\/uploads\/2024\/08\/history-content-arrow.svg\" class=\"history-content-img\" alt=\"\">\r\n                <div class=\"history-info-content\">\r\n                    <h3 class=\"history-data\"><\/h3>\r\n                    <h5 class=\"history-title\">Yenilik\u00e7ilik<\/h5>\r\n                    <p class=\"history-desp\"><\/p>\r\n                <\/div>\r\n            <\/div><\/div>\r\n            <\/div>\r\n        <\/section>\r\n        <!-- End History -->\t\t\t\t<\/div>\n\t\t\t\t<\/div>\n\t\t\t\t<\/div>\n\t\t<div class=\"elementor-element elementor-element-922a76c e-con-full elementor-hidden-desktop elementor-hidden-tablet elementor-hidden-mobile e-flex e-con e-parent\" data-id=\"922a76c\" data-element_type=\"container\" data-e-type=\"container\">\n\t\t\t\t<div class=\"elementor-element elementor-element-7822a06 elementor-widget elementor-widget-feature_video\" data-id=\"7822a06\" data-element_type=\"widget\" data-e-type=\"widget\" data-widget_type=\"feature_video.default\">\n\t\t\t\t<div class=\"elementor-widget-container\">\n\t\t\t\t\t        <!-- Start feature and video -->\n        <div class=\"ak-height-135 ak-height-lg-80\"><\/div>\n        <section>\n            <div class=\"feature-content\">\n                <div class=\"row row-cols-1 row-cols-md-2 feature g-0\">\n                                            <div class=\"feature-card\">\n                            <a class='normal' href='https:\/\/wpriverthemes.com\/gymfito\/contact\/'>\n                                <img decoding=\"async\" src=\"https:\/\/wpriverthemes.com\/gymfito\/wp-content\/uploads\/2024\/08\/feature_1-1.png\" class=\"feature-card-img\" alt=\"...\">\n                                <div class=\"text-content\">\n                                    <h3>Customer-Centric Approach<\/h3>\n                                    <p>Lorem Ipsum is simply dummy text of the printing and typesetting industry. Lorem Ipsum has been the industry&#039;s standard dummy text ever since the 1500s.<\/p>\n                                <\/div>\n                            <\/a>\n                            <div class='info'>\n                                <div class=\"hover-content\">\n                                    <h3>Customer-Centric Approach<\/h3>\n                                    <p>Lorem Ipsum is simply dummy text of the printing and typesetting industry. Lorem Ipsum has been the industry&#039;s standard dummy text ever since the 1500s.<\/p>\n                                <\/div>\n                            <\/div>\n                        <\/div>\n                                            <div class=\"feature-card\">\n                            <a class='normal' href='https:\/\/wpriverthemes.com\/gymfito\/contact\/'>\n                                <img decoding=\"async\" src=\"https:\/\/wpriverthemes.com\/gymfito\/wp-content\/uploads\/2024\/08\/feature_2-1.png\" class=\"feature-card-img\" alt=\"...\">\n                                <div class=\"text-content\">\n                                    <h3>Health and Wellness<\/h3>\n                                    <p>Lorem Ipsum is simply dummy text of the printing and typesetting industry. Lorem Ipsum has been the industry&#039;s standard dummy text ever since the 1500s.<\/p>\n                                <\/div>\n                            <\/a>\n                            <div class='info'>\n                                <div class=\"hover-content\">\n                                    <h3>Health and Wellness<\/h3>\n                                    <p>Lorem Ipsum is simply dummy text of the printing and typesetting industry. Lorem Ipsum has been the industry&#039;s standard dummy text ever since the 1500s.<\/p>\n                                <\/div>\n                            <\/div>\n                        <\/div>\n                                            <div class=\"feature-card\">\n                            <a class='normal' href='https:\/\/wpriverthemes.com\/gymfito\/contact\/'>\n                                <img decoding=\"async\" src=\"https:\/\/wpriverthemes.com\/gymfito\/wp-content\/uploads\/2024\/08\/feature_3.png\" class=\"feature-card-img\" alt=\"...\">\n                                <div class=\"text-content\">\n                                    <h3>Knowledgeable Staff<\/h3>\n                                    <p>Lorem Ipsum is simply dummy text of the printing and typesetting industry. Lorem Ipsum has been the industry&#039;s standard dummy text ever since the 1500s.<\/p>\n                                <\/div>\n                            <\/a>\n                            <div class='info'>\n                                <div class=\"hover-content\">\n                                    <h3>Knowledgeable Staff<\/h3>\n                                    <p>Lorem Ipsum is simply dummy text of the printing and typesetting industry. Lorem Ipsum has been the industry&#039;s standard dummy text ever since the 1500s.<\/p>\n                                <\/div>\n                            <\/div>\n                        <\/div>\n                                            <div class=\"feature-card\">\n                            <a class='normal' href='https:\/\/wpriverthemes.com\/gymfito\/contact\/'>\n                                <img decoding=\"async\" src=\"https:\/\/wpriverthemes.com\/gymfito\/wp-content\/uploads\/2024\/08\/feature_4.png\" class=\"feature-card-img\" alt=\"...\">\n                                <div class=\"text-content\">\n                                    <h3>Quality Facilities, Equipment<\/h3>\n                                    <p>Williamsburg tofu polaroid, 90&#039;s Bushwick irony locavore ethnic meh messenger bag Truffaut jean shorts.<\/p>\n                                <\/div>\n                            <\/a>\n                            <div class='info'>\n                                <div class=\"hover-content\">\n                                    <h3>Quality Facilities, Equipment<\/h3>\n                                    <p>Williamsburg tofu polaroid, 90&#039;s Bushwick irony locavore ethnic meh messenger bag Truffaut jean shorts.<\/p>\n                                <\/div>\n                            <\/div>\n                        <\/div>\n                                    <\/div>\n                <div class=\"feature-video\">\n                    <img decoding=\"async\" src=\"https:\/\/wpriverthemes.com\/gymfito\/wp-content\/uploads\/2024\/08\/video-bg-1.png\" alt=\"Scrolling Image\" class=\"scrolling-image\" id=\"scrollingImage\">\n                    <a href=\"https:\/\/www.youtube.com\/watch?v=xCXQBn2JUbc\" class=\"ak-video-block ak-style1 ak-video-open type_2\">\n                        <span class=\"ak-heartbeat-btn\">\n                            <span><\/span>\n                        <\/span>\n                    <\/a>\n                <\/div>\n            <\/div>\n        <\/section>\n        <!-- End feature and video -->\n        \t\t\t\t<\/div>\n\t\t\t\t<\/div>\n\t\t\t\t<\/div>\n\t\t<div class=\"elementor-element elementor-element-e8376c6 e-con-full e-flex e-con e-parent\" data-id=\"e8376c6\" data-element_type=\"container\" data-e-type=\"container\">\n\t\t\t\t<div class=\"elementor-element elementor-element-2a2721f elementor-widget elementor-widget-team\" data-id=\"2a2721f\" data-element_type=\"widget\" data-e-type=\"widget\" data-widget_type=\"team.default\">\n\t\t\t\t<div class=\"elementor-widget-container\">\n\t\t\t\t\t        <!-- Start Team -->\n        <div class=\"ak-height-135 ak-height-lg-80\"><\/div>\n        <section class=\"container\">\n                        <div class=\"section-heading style-1 type-1\" data-aos=\"zoom-out\">\n                <div class=\"section-subtitle\">Kronospor<\/div>\n                <h2 class=\"section-title\">\n                    EK\u0130B\u0130M\u0130Z                <\/h2>\n            <\/div>\n                    <div class=\"ak-height-50 ak-height-lg-40\"><\/div>\n            <div class=\"team-content\" data-aos=\"fade-up\">\n                                    <div class=\"team-card \">\n                        <a href=\"https:\/\/www.linkedin.com\/in\/emre-samsun-a829ab1\/?originalSubdomain=tr\">\n                            <div class=\"team-header-info\">\n                                <img decoding=\"async\" src=\"https:\/\/kronospor.com\/wp-content\/uploads\/2024\/10\/emre.jpg\" class=\"card-img-top\" alt=\"Emre Samsun\">\n                            <\/div>\n                            <div class=\"team-body-info\">\n                                <div>\n                                    <h4 class=\"team-title\">Emre Samsun<\/h4>\n                                    <p class=\"team-subtitle\">Kurucu Ortak \/ Genel M\u00fcd\u00fcr<\/p>\n                                <\/div>\n                                <div>\n                                    <span class=\"button-arrow-black team-btn\">\n                                        <svg width=\"23\" height=\"24\" viewBox=\"0 0 23 24\" fill=\"none\" xmlns=\"http:\/\/www.w3.org\/2000\/svg\">\n                                            <path d=\"M11.5448 0.893382L22.9862 11.2848L12.7881 22.8103L1.58827 23.3491C1.58827 23.3491 14.997 17.8798 14.6797 11.8262C14.3625 5.77269 0.439392 1.42725 0.439392 1.42725L11.5448 0.893382Z\" fill=\"#01010F\" \/>\n                                        <\/svg>\n                                    <\/span>\n                                <\/div>\n                            <\/div>\n                        <\/a>\n                    <\/div>\n                                    <div class=\"team-card \">\n                        <a href=\"https:\/\/www.linkedin.com\/in\/pinarsamsun\/\">\n                            <div class=\"team-header-info\">\n                                <img decoding=\"async\" src=\"https:\/\/kronospor.com\/wp-content\/uploads\/2024\/10\/pnr-hnm.jpg\" class=\"card-img-top\" alt=\"P\u0131nar Samsun\">\n                            <\/div>\n                            <div class=\"team-body-info\">\n                                <div>\n                                    <h4 class=\"team-title\">P\u0131nar Samsun<\/h4>\n                                    <p class=\"team-subtitle\">Kurucu Ortak<\/p>\n                                <\/div>\n                                <div>\n                                    <span class=\"button-arrow-black team-btn\">\n                                        <svg width=\"23\" height=\"24\" viewBox=\"0 0 23 24\" fill=\"none\" xmlns=\"http:\/\/www.w3.org\/2000\/svg\">\n                                            <path d=\"M11.5448 0.893382L22.9862 11.2848L12.7881 22.8103L1.58827 23.3491C1.58827 23.3491 14.997 17.8798 14.6797 11.8262C14.3625 5.77269 0.439392 1.42725 0.439392 1.42725L11.5448 0.893382Z\" fill=\"#01010F\" \/>\n                                        <\/svg>\n                                    <\/span>\n                                <\/div>\n                            <\/div>\n                        <\/a>\n                    <\/div>\n                            <\/div>\n        <\/section>\n        <!-- End Team -->\n        \t\t\t\t<\/div>\n\t\t\t\t<\/div>\n\t\t\t\t<\/div>\n\t\t<div class=\"elementor-element elementor-element-05c1998 e-con-full elementor-hidden-desktop elementor-hidden-tablet elementor-hidden-mobile e-flex e-con e-parent\" data-id=\"05c1998\" data-element_type=\"container\" data-e-type=\"container\">\n\t\t\t\t<div class=\"elementor-element elementor-element-833347a elementor-widget elementor-widget-fun_fact_counter\" data-id=\"833347a\" data-element_type=\"widget\" data-e-type=\"widget\" data-widget_type=\"fun_fact_counter.default\">\n\t\t\t\t<div class=\"elementor-widget-container\">\n\t\t\t\t\t        <!-- Start Fun Fact Counter -->\r\n        <div class=\"ak-height-135 ak-height-lg-80\"><\/div>\r\n        <div class=\"funfact-counter\">\r\n            <div class=\"container\">\r\n                <div class=\"auto-counter-section\" id=\"counter\">\r\n                                            <div class=\"funfact style1\">\r\n                            <div class=\"funfact-number\">\r\n                                <span id=\"count1\" class=\"counter\" data-number=\"17\"><\/span>\r\n                                <span>+<\/span>\r\n                            <\/div>\r\n                            <div class=\"primary-color-border\"><\/div>\r\n                            <div class=\"funfact-text\">\r\n                                <p>YEARS OF <br> SERVICE<\/p>\r\n                            <\/div>\r\n                        <\/div>\r\n                                            <div class=\"funfact style1\">\r\n                            <div class=\"funfact-number\">\r\n                                <span id=\"count2\" class=\"counter\" data-number=\"29\"><\/span>\r\n                                <span>+<\/span>\r\n                            <\/div>\r\n                            <div class=\"primary-color-border\"><\/div>\r\n                            <div class=\"funfact-text\">\r\n                                <p>FITNESS <br> TRAINEE<\/p>\r\n                            <\/div>\r\n                        <\/div>\r\n                                            <div class=\"funfact style1\">\r\n                            <div class=\"funfact-number\">\r\n                                <span id=\"count3\" class=\"counter\" data-number=\"5\"><\/span>\r\n                                <span>K<\/span>\r\n                            <\/div>\r\n                            <div class=\"primary-color-border\"><\/div>\r\n                            <div class=\"funfact-text\">\r\n                                <p>HOURS <br> TRAINED<\/p>\r\n                            <\/div>\r\n                        <\/div>\r\n                                            <div class=\"funfact style1\">\r\n                            <div class=\"funfact-number\">\r\n                                <span id=\"count4\" class=\"counter\" data-number=\"109\"><\/span>\r\n                                <span>+<\/span>\r\n                            <\/div>\r\n                            <div class=\"primary-color-border\"><\/div>\r\n                            <div class=\"funfact-text\">\r\n                                <p>HAPPY<br> CLIENTS<\/p>\r\n                            <\/div>\r\n                        <\/div>\r\n                                    <\/div>\r\n            <\/div>\r\n        <\/div>\r\n        <!-- End Fun Fact Counter -->\r\n        \t\t\t\t<\/div>\n\t\t\t\t<\/div>\n\t\t\t\t<\/div>\n\t\t\t\t<\/div>\n\t\t","protected":false},"excerpt":{"rendered":"<p>Hakk\u0131m\u0131zda S\u0131rad\u0131\u015f\u0131 bir ekip! Y\u00fcksek kaliteli spor&amp;fitness \u00fcr\u00fcn yelpazemiz ile ba\u015fta oteller olmak \u00fczere, fitness ve spor kul\u00fcpleri, rehabilitasyon merkezleri, fizik tedavi klinikleri, sporcu sa\u011fl\u0131\u011f\u0131 merkezleri ve kurumsal \u015firketler de dahil olmak \u00fczere pek \u00e7ok kuruma hizmet verdi\u011fimiz gibi bireysel kullan\u0131c\u0131lar\u0131n ihtiya\u00e7lar\u0131na g\u00f6re de \u00e7\u00f6z\u00fcmler sunmaktay\u0131z. 01.V\u0130ZYON B\u00fcnyemizdeki kaliteli, yenilik\u00e7i, lider markalar ile uluslararas\u0131 operasyonlar\u0131m\u0131z\u0131 [&hellip;]<\/p>\n","protected":false},"author":1,"featured_media":0,"parent":0,"menu_order":0,"comment_status":"closed","ping_status":"closed","template":"page-templates\/other-pages.php","meta":{"footnotes":""},"class_list":["post-544","page","type-page","status-publish","hentry"],"_links":{"self":[{"href":"https:\/\/kronospor.com\/index.php\/wp-json\/wp\/v2\/pages\/544","targetHints":{"allow":["GET"]}}],"collection":[{"href":"https:\/\/kronospor.com\/index.php\/wp-json\/wp\/v2\/pages"}],"about":[{"href":"https:\/\/kronospor.com\/index.php\/wp-json\/wp\/v2\/types\/page"}],"author":[{"embeddable":true,"href":"https:\/\/kronospor.com\/index.php\/wp-json\/wp\/v2\/users\/1"}],"replies":[{"embeddable":true,"href":"https:\/\/kronospor.com\/index.php\/wp-json\/wp\/v2\/comments?post=544"}],"version-history":[{"count":83,"href":"https:\/\/kronospor.com\/index.php\/wp-json\/wp\/v2\/pages\/544\/revisions"}],"predecessor-version":[{"id":7702,"href":"https:\/\/kronospor.com\/index.php\/wp-json\/wp\/v2\/pages\/544\/revisions\/7702"}],"wp:attachment":[{"href":"https:\/\/kronospor.com\/index.php\/wp-json\/wp\/v2\/media?parent=544"}],"curies":[{"name":"wp","href":"https:\/\/api.w.org\/{rel}","templated":true}]}}